{"id":10610,"date":"2017-01-18T14:09:40","date_gmt":"2017-01-18T14:09:40","guid":{"rendered":"https:\/\/barista.qodeinteractive.com\/elementor\/?page_id=10610"},"modified":"2022-12-01T08:29:02","modified_gmt":"2022-12-01T08:29:02","slug":"pub-en-burgos","status":"publish","type":"page","link":"https:\/\/kavabar.es\/","title":{"rendered":"Elegante pub en Burgos"},"content":{"rendered":"\t\t<div data-elementor-type=\"wp-page\" data-elementor-id=\"10610\" class=\"elementor elementor-10610\">\n\t\t\t\t\t\t\t\t\t<section class=\"elementor-section elementor-top-section elementor-element elementor-element-fe70eae elementor-section-boxed elementor-section-height-default elementor-section-height-default edgtf-elementor-container-no edgtf-section edgtf-parallax-section-holder-touch-disabled edgtf-parallax-section-no\" data-id=\"fe70eae\" data-element_type=\"section\">\n\t\t\t\t\t\t<div class=\"elementor-container elementor-column-gap-default\">\n\t\t\t\t\t<div class=\"elementor-column elementor-col-100 elementor-top-column elementor-element elementor-element-e8c25fd\" data-id=\"e8c25fd\" data-element_type=\"column\">\n\t\t\t<div class=\"elementor-widget-wrap elementor-element-populated\">\n\t\t\t\t\t\t\t\t<div class=\"elementor-element elementor-element-d8255e5 elementor-widget elementor-widget-qi_addons_for_elementor_image_slider\" data-id=\"d8255e5\" data-element_type=\"widget\" data-widget_type=\"qi_addons_for_elementor_image_slider.default\">\n\t\t\t\t<div class=\"elementor-widget-container\">\n\t\t\t<div class=\"qodef-shortcode qodef-m  qodef-qi-image-slider     qodef-col-num--1 qodef-qi-grid qodef-qi-swiper-container  qodef-navigation--inside  qodef-pagination--inside    qodef-navigation--hover-move\" data-options=\"{&quot;direction&quot;:&quot;horizontal&quot;,&quot;slidesPerView&quot;:&quot;1&quot;,&quot;spaceBetween&quot;:30,&quot;spaceBetweenTablet&quot;:30,&quot;spaceBetweenMobile&quot;:30,&quot;effect&quot;:&quot;fade&quot;,&quot;loop&quot;:true,&quot;autoplay&quot;:true,&quot;centeredSlides&quot;:false,&quot;speed&quot;:&quot;&quot;,&quot;speedAnimation&quot;:&quot;&quot;,&quot;outsideNavigation&quot;:&quot;no&quot;,&quot;outsidePagination&quot;:&quot;no&quot;,&quot;unique&quot;:725,&quot;partialValue&quot;:0,&quot;disablePartialValue&quot;:&quot;&quot;}\">\n\t<div class=\"swiper-wrapper\">\n\t\t\n<div class=\"qodef-e swiper-slide\">\n\t<div class=\"qodef-e-inner\">\n\t\t<div class=\"qodef-e-inner-holder\">\n\t\t\t\t\t\t\t<img loading=\"lazy\" decoding=\"async\" width=\"1504\" height=\"1004\" src=\"https:\/\/kavabar.es\/wp-content\/uploads\/2022\/11\/Slider_4.jpeg\" class=\"attachment-full size-full\" alt=\"Kava Bar. Elegante pub en Burgos.\" srcset=\"https:\/\/kavabar.es\/wp-content\/uploads\/2022\/11\/Slider_4.jpeg 1504w, https:\/\/kavabar.es\/wp-content\/uploads\/2022\/11\/Slider_4-300x200.jpeg 300w, https:\/\/kavabar.es\/wp-content\/uploads\/2022\/11\/Slider_4-1024x684.jpeg 1024w, https:\/\/kavabar.es\/wp-content\/uploads\/2022\/11\/Slider_4-768x513.jpeg 768w, https:\/\/kavabar.es\/wp-content\/uploads\/2022\/11\/Slider_4-600x401.jpeg 600w\" sizes=\"auto, (max-width: 1504px) 100vw, 1504px\" \/>\t\t\t\t\t<\/div>\n\t<\/div>\n\t<\/div>\n\n<div class=\"qodef-e swiper-slide\">\n\t<div class=\"qodef-e-inner\">\n\t\t<div class=\"qodef-e-inner-holder\">\n\t\t\t\t\t\t\t<img loading=\"lazy\" decoding=\"async\" width=\"1440\" height=\"960\" src=\"https:\/\/kavabar.es\/wp-content\/uploads\/2022\/11\/Slider_1.jpeg\" class=\"attachment-full size-full\" alt=\"Kava Bar. Elegante pub en Burgos.\" srcset=\"https:\/\/kavabar.es\/wp-content\/uploads\/2022\/11\/Slider_1.jpeg 1440w, https:\/\/kavabar.es\/wp-content\/uploads\/2022\/11\/Slider_1-300x200.jpeg 300w, https:\/\/kavabar.es\/wp-content\/uploads\/2022\/11\/Slider_1-1024x683.jpeg 1024w, https:\/\/kavabar.es\/wp-content\/uploads\/2022\/11\/Slider_1-768x512.jpeg 768w, https:\/\/kavabar.es\/wp-content\/uploads\/2022\/11\/Slider_1-600x400.jpeg 600w\" sizes=\"auto, (max-width: 1440px) 100vw, 1440px\" \/>\t\t\t\t\t<\/div>\n\t<\/div>\n\t<\/div>\n\n<div class=\"qodef-e swiper-slide\">\n\t<div class=\"qodef-e-inner\">\n\t\t<div class=\"qodef-e-inner-holder\">\n\t\t\t\t\t\t\t<img loading=\"lazy\" decoding=\"async\" width=\"1600\" height=\"1067\" src=\"https:\/\/kavabar.es\/wp-content\/uploads\/2022\/11\/Slider_2.jpeg\" class=\"attachment-full size-full\" alt=\"Kava Bar. Elegante pub en Burgos.\" srcset=\"https:\/\/kavabar.es\/wp-content\/uploads\/2022\/11\/Slider_2.jpeg 1600w, https:\/\/kavabar.es\/wp-content\/uploads\/2022\/11\/Slider_2-300x200.jpeg 300w, https:\/\/kavabar.es\/wp-content\/uploads\/2022\/11\/Slider_2-1024x683.jpeg 1024w, https:\/\/kavabar.es\/wp-content\/uploads\/2022\/11\/Slider_2-768x512.jpeg 768w, https:\/\/kavabar.es\/wp-content\/uploads\/2022\/11\/Slider_2-1536x1024.jpeg 1536w, https:\/\/kavabar.es\/wp-content\/uploads\/2022\/11\/Slider_2-600x400.jpeg 600w\" sizes=\"auto, (max-width: 1600px) 100vw, 1600px\" \/>\t\t\t\t\t<\/div>\n\t<\/div>\n\t<\/div>\n\n<div class=\"qodef-e swiper-slide\">\n\t<div class=\"qodef-e-inner\">\n\t\t<div class=\"qodef-e-inner-holder\">\n\t\t\t\t\t\t\t<img loading=\"lazy\" decoding=\"async\" width=\"1504\" height=\"1004\" src=\"https:\/\/kavabar.es\/wp-content\/uploads\/2022\/11\/Slider_5.jpeg\" class=\"attachment-full size-full\" alt=\"Kava Bar. Elegante pub en Burgos.\" srcset=\"https:\/\/kavabar.es\/wp-content\/uploads\/2022\/11\/Slider_5.jpeg 1504w, https:\/\/kavabar.es\/wp-content\/uploads\/2022\/11\/Slider_5-300x200.jpeg 300w, https:\/\/kavabar.es\/wp-content\/uploads\/2022\/11\/Slider_5-1024x684.jpeg 1024w, https:\/\/kavabar.es\/wp-content\/uploads\/2022\/11\/Slider_5-768x513.jpeg 768w, https:\/\/kavabar.es\/wp-content\/uploads\/2022\/11\/Slider_5-600x401.jpeg 600w\" sizes=\"auto, (max-width: 1504px) 100vw, 1504px\" \/>\t\t\t\t\t<\/div>\n\t<\/div>\n\t<\/div>\n\n<div class=\"qodef-e swiper-slide\">\n\t<div class=\"qodef-e-inner\">\n\t\t<div class=\"qodef-e-inner-holder\">\n\t\t\t\t\t\t\t<img loading=\"lazy\" decoding=\"async\" width=\"1453\" height=\"982\" src=\"https:\/\/kavabar.es\/wp-content\/uploads\/2022\/11\/Slider_6.jpeg\" class=\"attachment-full size-full\" alt=\"Kava Bar. Elegante pub en Burgos.\" srcset=\"https:\/\/kavabar.es\/wp-content\/uploads\/2022\/11\/Slider_6.jpeg 1453w, https:\/\/kavabar.es\/wp-content\/uploads\/2022\/11\/Slider_6-300x203.jpeg 300w, https:\/\/kavabar.es\/wp-content\/uploads\/2022\/11\/Slider_6-1024x692.jpeg 1024w, https:\/\/kavabar.es\/wp-content\/uploads\/2022\/11\/Slider_6-768x519.jpeg 768w, https:\/\/kavabar.es\/wp-content\/uploads\/2022\/11\/Slider_6-600x406.jpeg 600w\" sizes=\"auto, (max-width: 1453px) 100vw, 1453px\" \/>\t\t\t\t\t<\/div>\n\t<\/div>\n\t<\/div>\n\n<div class=\"qodef-e swiper-slide\">\n\t<div class=\"qodef-e-inner\">\n\t\t<div class=\"qodef-e-inner-holder\">\n\t\t\t\t\t\t\t<img loading=\"lazy\" decoding=\"async\" width=\"1004\" height=\"1504\" src=\"https:\/\/kavabar.es\/wp-content\/uploads\/2022\/11\/Slider_3.jpeg\" class=\"attachment-full size-full\" alt=\"Kava Bar. Elegante pub en Burgos.\" srcset=\"https:\/\/kavabar.es\/wp-content\/uploads\/2022\/11\/Slider_3.jpeg 1004w, https:\/\/kavabar.es\/wp-content\/uploads\/2022\/11\/Slider_3-200x300.jpeg 200w, https:\/\/kavabar.es\/wp-content\/uploads\/2022\/11\/Slider_3-684x1024.jpeg 684w, https:\/\/kavabar.es\/wp-content\/uploads\/2022\/11\/Slider_3-768x1150.jpeg 768w, https:\/\/kavabar.es\/wp-content\/uploads\/2022\/11\/Slider_3-600x899.jpeg 600w\" sizes=\"auto, (max-width: 1004px) 100vw, 1004px\" \/>\t\t\t\t\t<\/div>\n\t<\/div>\n\t<\/div>\n\t<\/div>\n\t\t<div class=\"swiper-button-prev\"><svg class=\"qodef-swiper-arrow-left\" xmlns=\"http:\/\/www.w3.org\/2000\/svg\" xmlns:xlink=\"http:\/\/www.w3.org\/1999\/xlink\" x=\"0px\" y=\"0px\" viewBox=\"0 0 34.2 32.3\" xml:space=\"preserve\" style=\"stroke-width: 2;\"><line x1=\"0.5\" y1=\"16\" x2=\"33.5\" y2=\"16\"\/><line x1=\"0.3\" y1=\"16.5\" x2=\"16.2\" y2=\"0.7\"\/><line x1=\"0\" y1=\"15.4\" x2=\"16.2\" y2=\"31.6\"\/><\/svg><\/div>\n\t<div class=\"swiper-button-next\"><svg class=\"qodef-swiper-arrow-right\" xmlns=\"http:\/\/www.w3.org\/2000\/svg\" xmlns:xlink=\"http:\/\/www.w3.org\/1999\/xlink\" x=\"0px\" y=\"0px\" viewBox=\"0 0 34.2 32.3\" xml:space=\"preserve\" style=\"stroke-width: 2;\"><line x1=\"0\" y1=\"16\" x2=\"33\" y2=\"16\"\/><line x1=\"17.3\" y1=\"0.7\" x2=\"33.2\" y2=\"16.5\"\/><line x1=\"17.3\" y1=\"31.6\" x2=\"33.5\" y2=\"15.4\"\/><\/svg><\/div>\n\t<div class=\"swiper-pagination\"><\/div>\n<\/div>\n\t\t<\/div>\n\t\t\t\t<\/div>\n\t\t\t\t\t<\/div>\n\t\t<\/div>\n\t\t\t\t\t\t\t<\/div>\n\t\t<\/section>\n\t\t\t\t<section class=\"elementor-section elementor-top-section elementor-element elementor-element-4959d03e edgtf-elementor-container-inner elementor-section-boxed elementor-section-height-default elementor-section-height-default edgtf-section edgtf-parallax-section-holder-touch-disabled edgtf-parallax-section-no\" data-id=\"4959d03e\" data-element_type=\"section\">\n\t\t\t\t\t\t<div class=\"elementor-container elementor-column-gap-default\">\n\t\t\t\t\t<div class=\"elementor-column elementor-col-100 elementor-top-column elementor-element elementor-element-2a2c7e5\" data-id=\"2a2c7e5\" data-element_type=\"column\">\n\t\t\t<div class=\"elementor-widget-wrap elementor-element-populated\">\n\t\t\t\t\t\t\t\t<div class=\"elementor-element elementor-element-c26ec79 elementor-widget elementor-widget-edgtf_masonry_gallery\" data-id=\"c26ec79\" data-element_type=\"widget\" data-widget_type=\"edgtf_masonry_gallery.default\">\n\t\t\t\t<div class=\"elementor-widget-container\">\n\t\t\t<div class=\"edgtf-masonry-gallery-holder\"><div class=\"edgtf-masonry-gallery-grid-sizer\"><\/div><article class=\"edgtf-masonry-gallery-item edgtf-mg-square-big edgtf-mg-simple\">\n\t\t\t<div class = \"edgtf-masonry-gallery-image-holder\">\n\t\t\t<img loading=\"lazy\" decoding=\"async\" width=\"1000\" height=\"960\" src=\"https:\/\/kavabar.es\/wp-content\/uploads\/2022\/11\/Slider_1-1000x960.jpeg\" class=\"attachment-barista_edge_large_width_height size-barista_edge_large_width_height wp-post-image\" alt=\"Kava Bar. Elegante pub en Burgos.\" \/>\t\t<\/div>\n\t\t<div class=\"edgtf-masonry-gallery-item-outer edgtf-masonry-gallery-image-background\">\n\t\t<div class=\"edgtf-masonry-gallery-item-inner\">\n\t\t\t\t\t\t<div class=\"edgtf-masonry-gallery-item-content edgtf-masonry-gallery-item-content-left\">\n\t\t\t\t<p class=\"edgtf-masonry-gallery-item-subtitle\"><\/p>\n\t\t\t\t<h2 class=\"edgtf-masonry-gallery-item-title\"><\/h2>\n\t\t\t<\/div>\n\t\t<\/div>\n\t<\/div>\n<\/article><article class=\"edgtf-masonry-gallery-item edgtf-mg-rectangle-portrait edgtf-mg-standard\">\n\t\t\t\t\t<div class = \"edgtf-masonry-gallery-image-holder\">\n\t\t\t\t<img loading=\"lazy\" decoding=\"async\" width=\"500\" height=\"1000\" src=\"https:\/\/kavabar.es\/wp-content\/uploads\/2022\/10\/KAVA_Stories_IG_01_BeApp-500x1000.jpg\" class=\"attachment-barista_edge_large_height size-barista_edge_large_height wp-post-image\" alt=\"Kava Bar. Elegante pub en Burgos.\" srcset=\"https:\/\/kavabar.es\/wp-content\/uploads\/2022\/10\/KAVA_Stories_IG_01_BeApp-500x1000.jpg 500w, https:\/\/kavabar.es\/wp-content\/uploads\/2022\/10\/KAVA_Stories_IG_01_BeApp-650x1300.jpg 650w\" sizes=\"auto, (max-width: 500px) 100vw, 500px\" \/>\t\t\t<\/div>\n\t\t\t\t<div class=\"edgtf-masonry-gallery-item-outer\">\n\t\t\t<div class=\"edgtf-masonry-gallery-item-inner\">\n\t\t\t\t\t\t\t\t\t\t\t<\/div>\n\t\t<\/div>\n<\/article><article class=\"edgtf-masonry-gallery-item edgtf-mg-square-small edgtf-mg-standard\">\n\t\t\t\t\t<div class = \"edgtf-masonry-gallery-image-holder\">\n\t\t\t\t<img loading=\"lazy\" decoding=\"async\" width=\"550\" height=\"550\" src=\"https:\/\/kavabar.es\/wp-content\/uploads\/2022\/11\/Slider_3-550x550.jpeg\" class=\"attachment-barista_edge_square size-barista_edge_square wp-post-image\" alt=\"Kava Bar. Elegante pub en Burgos.\" srcset=\"https:\/\/kavabar.es\/wp-content\/uploads\/2022\/11\/Slider_3-550x550.jpeg 550w, https:\/\/kavabar.es\/wp-content\/uploads\/2022\/11\/Slider_3-150x150.jpeg 150w, https:\/\/kavabar.es\/wp-content\/uploads\/2022\/11\/Slider_3-1000x1000.jpeg 1000w, https:\/\/kavabar.es\/wp-content\/uploads\/2022\/11\/Slider_3-650x650.jpeg 650w, https:\/\/kavabar.es\/wp-content\/uploads\/2022\/11\/Slider_3-300x300.jpeg 300w, https:\/\/kavabar.es\/wp-content\/uploads\/2022\/11\/Slider_3-100x100.jpeg 100w\" sizes=\"auto, (max-width: 550px) 100vw, 550px\" \/>\t\t\t<\/div>\n\t\t\t\t<div class=\"edgtf-masonry-gallery-item-outer\">\n\t\t\t<div class=\"edgtf-masonry-gallery-item-inner\">\n\t\t\t\t\t\t\t\t\t\t\t<\/div>\n\t\t<\/div>\n<\/article><article class=\"edgtf-masonry-gallery-item edgtf-mg-square-small edgtf-mg-simple\">\n\t\t<div class=\"edgtf-masonry-gallery-item-outer \">\n\t\t<div class=\"edgtf-masonry-gallery-item-inner\">\n\t\t\t\t\t\t<div class=\"edgtf-masonry-gallery-item-content edgtf-masonry-gallery-item-content-left\">\n\t\t\t\t<p class=\"edgtf-masonry-gallery-item-subtitle\">Disfruta de nuestra carta de<\/p>\n\t\t\t\t<h2 class=\"edgtf-masonry-gallery-item-title\">CAF\u00c9S<\/h2>\n\t\t\t<\/div>\n\t\t<\/div>\n\t<\/div>\n<\/article><article class=\"edgtf-masonry-gallery-item edgtf-mg-rectangle-landscape edgtf-mg-text-info\">\n\t\t\t<div class = \"edgtf-masonry-gallery-image-holder\">\n\t\t\t<img loading=\"lazy\" decoding=\"async\" width=\"1000\" height=\"500\" src=\"https:\/\/kavabar.es\/wp-content\/uploads\/2022\/10\/KAVA_Portada-Facebook_Alta_01_BeApp-02-1000x500.jpg\" class=\"attachment-barista_edge_large_width size-barista_edge_large_width wp-post-image\" alt=\"Kava Bar. Elegante pub en Burgos.\" srcset=\"https:\/\/kavabar.es\/wp-content\/uploads\/2022\/10\/KAVA_Portada-Facebook_Alta_01_BeApp-02-1000x500.jpg 1000w, https:\/\/kavabar.es\/wp-content\/uploads\/2022\/10\/KAVA_Portada-Facebook_Alta_01_BeApp-02-1300x651.jpg 1300w\" sizes=\"auto, (max-width: 1000px) 100vw, 1000px\" \/>\t\t<\/div>\n\t\t<div class=\"edgtf-masonry-gallery-item-outer\">\n\t\t<div class=\"edgtf-masonry-gallery-item-inner\">\n\t\t\t<div class=\"edgtf-masonry-gallery-item-content\">\n\t\t\t\t\t\t\t\t<h2 class=\"edgtf-masonry-gallery-item-title\">Sobre Nosotros<\/h2>\n\t\t\t\t<p class=\"edgtf-masonry-gallery-item-text\">Kava Bar nace en Burgos con el objetivo de ser un local referente. Un sitio elegante, buena m\u00fasica y buena compa\u00f1\u00eda acompa\u00f1ado de las mejores copas y productos.<\/p>\n\t\t\t\t\t\t\t<\/div>\n\t\t<\/div>\n\t<\/div>\n<\/article><article class=\"edgtf-masonry-gallery-item edgtf-mg-rectangle-portrait edgtf-mg-simple\">\n\t\t\t<div class = \"edgtf-masonry-gallery-image-holder\">\n\t\t\t<img loading=\"lazy\" decoding=\"async\" width=\"500\" height=\"651\" src=\"https:\/\/kavabar.es\/wp-content\/uploads\/2022\/10\/KAVA_Portada-Facebook_Alta_01_BeApp-02-500x651.jpg\" class=\"attachment-barista_edge_large_height size-barista_edge_large_height wp-post-image\" alt=\"Kava Bar. Elegante pub en Burgos.\" \/>\t\t<\/div>\n\t\t<div class=\"edgtf-masonry-gallery-item-outer edgtf-masonry-gallery-image-background\">\n\t\t<div class=\"edgtf-masonry-gallery-item-inner\">\n\t\t\t\t\t\t<div class=\"edgtf-masonry-gallery-item-content edgtf-masonry-gallery-item-content-left\">\n\t\t\t\t<p class=\"edgtf-masonry-gallery-item-subtitle\"><\/p>\n\t\t\t\t<h2 class=\"edgtf-masonry-gallery-item-title\">S\u00edguenos en Redes Sociales<\/h2>\n\t\t\t<\/div>\n\t\t<\/div>\n\t<\/div>\n<\/article><article class=\"edgtf-masonry-gallery-item edgtf-mg-square-small edgtf-mg-standard\">\n\t\t\t\t\t<div class = \"edgtf-masonry-gallery-image-holder\">\n\t\t\t\t<img loading=\"lazy\" decoding=\"async\" width=\"550\" height=\"550\" src=\"https:\/\/kavabar.es\/wp-content\/uploads\/2022\/10\/KAVA_Imagen-Perfil_IG_01_BeApp-550x550.jpg\" class=\"attachment-barista_edge_square size-barista_edge_square wp-post-image\" alt=\"Kava Bar. Elegante pub en Burgos.\" srcset=\"https:\/\/kavabar.es\/wp-content\/uploads\/2022\/10\/KAVA_Imagen-Perfil_IG_01_BeApp-550x550.jpg 550w, https:\/\/kavabar.es\/wp-content\/uploads\/2022\/10\/KAVA_Imagen-Perfil_IG_01_BeApp-300x300.jpg 300w, https:\/\/kavabar.es\/wp-content\/uploads\/2022\/10\/KAVA_Imagen-Perfil_IG_01_BeApp-100x100.jpg 100w, https:\/\/kavabar.es\/wp-content\/uploads\/2022\/10\/KAVA_Imagen-Perfil_IG_01_BeApp-600x600.jpg 600w, https:\/\/kavabar.es\/wp-content\/uploads\/2022\/10\/KAVA_Imagen-Perfil_IG_01_BeApp-1024x1024.jpg 1024w, https:\/\/kavabar.es\/wp-content\/uploads\/2022\/10\/KAVA_Imagen-Perfil_IG_01_BeApp-150x150.jpg 150w, https:\/\/kavabar.es\/wp-content\/uploads\/2022\/10\/KAVA_Imagen-Perfil_IG_01_BeApp-768x768.jpg 768w, https:\/\/kavabar.es\/wp-content\/uploads\/2022\/10\/KAVA_Imagen-Perfil_IG_01_BeApp-1000x1000.jpg 1000w, https:\/\/kavabar.es\/wp-content\/uploads\/2022\/10\/KAVA_Imagen-Perfil_IG_01_BeApp-650x650.jpg 650w, https:\/\/kavabar.es\/wp-content\/uploads\/2022\/10\/KAVA_Imagen-Perfil_IG_01_BeApp.jpg 1200w\" sizes=\"auto, (max-width: 550px) 100vw, 550px\" \/>\t\t\t<\/div>\n\t\t\t\t<div class=\"edgtf-masonry-gallery-item-outer\">\n\t\t\t<div class=\"edgtf-masonry-gallery-item-inner\">\n\t\t\t\t\t\t\t\t\t\t\t<\/div>\n\t\t<\/div>\n<\/article><article class=\"edgtf-masonry-gallery-item edgtf-mg-rectangle-landscape edgtf-mg-standard\">\n\t\t\t\t\t<div class = \"edgtf-masonry-gallery-image-holder\">\n\t\t\t\t<img loading=\"lazy\" decoding=\"async\" width=\"1000\" height=\"500\" src=\"https:\/\/kavabar.es\/wp-content\/uploads\/2017\/01\/bartender-making-delicious-refreshing-cocktail-1000x500.jpg\" class=\"attachment-barista_edge_large_width size-barista_edge_large_width wp-post-image\" alt=\"Kava Bar. Elegante pub en Burgos.\" srcset=\"https:\/\/kavabar.es\/wp-content\/uploads\/2017\/01\/bartender-making-delicious-refreshing-cocktail-1000x500.jpg 1000w, https:\/\/kavabar.es\/wp-content\/uploads\/2017\/01\/bartender-making-delicious-refreshing-cocktail-1300x650.jpg 1300w\" sizes=\"auto, (max-width: 1000px) 100vw, 1000px\" \/>\t\t\t<\/div>\n\t\t\t\t<div class=\"edgtf-masonry-gallery-item-outer\">\n\t\t\t<div class=\"edgtf-masonry-gallery-item-inner\">\n\t\t\t\t\t\t\t\t\t\t\t<\/div>\n\t\t<\/div>\n<\/article><article class=\"edgtf-masonry-gallery-item edgtf-mg-square-small edgtf-mg-standard\">\n\t\t\t\t\t<div class = \"edgtf-masonry-gallery-image-holder\">\n\t\t\t\t<img loading=\"lazy\" decoding=\"async\" width=\"550\" height=\"550\" src=\"https:\/\/kavabar.es\/wp-content\/uploads\/2017\/01\/home-2-gallery-9-550x550.jpg\" class=\"attachment-barista_edge_square size-barista_edge_square wp-post-image\" alt=\"Kava Bar. Elegante pub en Burgos.\" srcset=\"https:\/\/kavabar.es\/wp-content\/uploads\/2017\/01\/home-2-gallery-9-550x550.jpg 550w, https:\/\/kavabar.es\/wp-content\/uploads\/2017\/01\/home-2-gallery-9-300x300.jpg 300w, https:\/\/kavabar.es\/wp-content\/uploads\/2017\/01\/home-2-gallery-9-100x100.jpg 100w, https:\/\/kavabar.es\/wp-content\/uploads\/2017\/01\/home-2-gallery-9-600x600.jpg 600w, https:\/\/kavabar.es\/wp-content\/uploads\/2017\/01\/home-2-gallery-9-150x150.jpg 150w, https:\/\/kavabar.es\/wp-content\/uploads\/2017\/01\/home-2-gallery-9-768x768.jpg 768w, https:\/\/kavabar.es\/wp-content\/uploads\/2017\/01\/home-2-gallery-9-650x650.jpg 650w, https:\/\/kavabar.es\/wp-content\/uploads\/2017\/01\/home-2-gallery-9.jpg 800w\" sizes=\"auto, (max-width: 550px) 100vw, 550px\" \/>\t\t\t<\/div>\n\t\t\t\t<div class=\"edgtf-masonry-gallery-item-outer\">\n\t\t\t<div class=\"edgtf-masonry-gallery-item-inner\">\n\t\t\t\t\t\t\t\t\t\t\t<\/div>\n\t\t<\/div>\n<\/article><\/div>\t\t<\/div>\n\t\t\t\t<\/div>\n\t\t\t\t\t<\/div>\n\t\t<\/div>\n\t\t\t\t\t\t\t<\/div>\n\t\t<\/section>\n\t\t\t\t\t\t\t<\/div>\n\t\t","protected":false},"excerpt":{"rendered":"<p>Viernes 18 de noviembre a partir de las 19:00h APERTURA Sobre Nosotros Kava Bar nace en Burgos con el objetivo de ser un local referente. Un sitio elegante, buena m\u00fasica&#8230;<\/p>\n","protected":false},"author":1,"featured_media":0,"parent":0,"menu_order":0,"comment_status":"closed","ping_status":"closed","template":"","meta":{"footnotes":""},"class_list":["post-10610","page","type-page","status-publish","hentry"],"yoast_head":"<!-- This site is optimized with the Yoast SEO plugin v19.11 - https:\/\/yoast.com\/wordpress\/plugins\/seo\/ -->\n<title>Elegante pub en Burgos \u00b7 Kava Bar<\/title>\n<meta name=\"description\" content=\"\u00bfBuscas un pub en Burgos? Disfruta en un entorno elegante, de las mejores copas y compa\u00f1\u00eda con la mejor m\u00fasica. Estamos en calle In\u00e9s de Su\u00e1rez, 2.\" \/>\n<meta name=\"robots\" content=\"index, follow, max-snippet:-1, max-image-preview:large, max-video-preview:-1\" \/>\n<link rel=\"canonical\" href=\"https:\/\/kavabar.es\/\" \/>\n<meta property=\"og:locale\" content=\"es_ES\" \/>\n<meta property=\"og:type\" content=\"article\" \/>\n<meta property=\"og:title\" content=\"Elegante pub en Burgos \u00b7 Kava Bar\" \/>\n<meta property=\"og:description\" content=\"\u00bfBuscas un pub en Burgos? Disfruta en un entorno elegante, de las mejores copas y compa\u00f1\u00eda con la mejor m\u00fasica. Estamos en calle In\u00e9s de Su\u00e1rez, 2.\" \/>\n<meta property=\"og:url\" content=\"https:\/\/kavabar.es\/\" \/>\n<meta property=\"og:site_name\" content=\"Kava Bar\" \/>\n<meta property=\"article:publisher\" content=\"https:\/\/www.facebook.com\/people\/Kava-Bar-Burgos\/100087784094639\/\" \/>\n<meta property=\"article:modified_time\" content=\"2022-12-01T08:29:02+00:00\" \/>\n<meta property=\"og:image\" content=\"https:\/\/kavabar.es\/wp-content\/uploads\/2022\/11\/Slider_4.jpeg\" \/>\n<meta name=\"twitter:card\" content=\"summary_large_image\" \/>\n<script type=\"application\/ld+json\" class=\"yoast-schema-graph\">{\"@context\":\"https:\/\/schema.org\",\"@graph\":[{\"@type\":\"WebPage\",\"@id\":\"https:\/\/kavabar.es\/\",\"url\":\"https:\/\/kavabar.es\/\",\"name\":\"Elegante pub en Burgos \u00b7 Kava Bar\",\"isPartOf\":{\"@id\":\"https:\/\/kavabar.es\/#website\"},\"datePublished\":\"2017-01-18T14:09:40+00:00\",\"dateModified\":\"2022-12-01T08:29:02+00:00\",\"description\":\"\u00bfBuscas un pub en Burgos? Disfruta en un entorno elegante, de las mejores copas y compa\u00f1\u00eda con la mejor m\u00fasica. Estamos en calle In\u00e9s de Su\u00e1rez, 2.\",\"breadcrumb\":{\"@id\":\"https:\/\/kavabar.es\/#breadcrumb\"},\"inLanguage\":\"es\",\"potentialAction\":[{\"@type\":\"ReadAction\",\"target\":[\"https:\/\/kavabar.es\/\"]}]},{\"@type\":\"BreadcrumbList\",\"@id\":\"https:\/\/kavabar.es\/#breadcrumb\",\"itemListElement\":[{\"@type\":\"ListItem\",\"position\":1,\"name\":\"Portada\",\"item\":\"https:\/\/kavabar.es\/\"},{\"@type\":\"ListItem\",\"position\":2,\"name\":\"Elegante pub en Burgos\"}]},{\"@type\":\"WebSite\",\"@id\":\"https:\/\/kavabar.es\/#website\",\"url\":\"https:\/\/kavabar.es\/\",\"name\":\"Kava Bar\",\"description\":\"Un sitio diferente\",\"publisher\":{\"@id\":\"https:\/\/kavabar.es\/#organization\"},\"potentialAction\":[{\"@type\":\"SearchAction\",\"target\":{\"@type\":\"EntryPoint\",\"urlTemplate\":\"https:\/\/kavabar.es\/?s={search_term_string}\"},\"query-input\":\"required name=search_term_string\"}],\"inLanguage\":\"es\"},{\"@type\":\"Organization\",\"@id\":\"https:\/\/kavabar.es\/#organization\",\"name\":\"Kava Bar\",\"url\":\"https:\/\/kavabar.es\/\",\"logo\":{\"@type\":\"ImageObject\",\"inLanguage\":\"es\",\"@id\":\"https:\/\/kavabar.es\/#\/schema\/logo\/image\/\",\"url\":\"https:\/\/kavabar.es\/wp-content\/uploads\/2022\/10\/KAVA_Logo_BeApp-05.png\",\"contentUrl\":\"https:\/\/kavabar.es\/wp-content\/uploads\/2022\/10\/KAVA_Logo_BeApp-05.png\",\"width\":5001,\"height\":5001,\"caption\":\"Kava Bar\"},\"image\":{\"@id\":\"https:\/\/kavabar.es\/#\/schema\/logo\/image\/\"},\"sameAs\":[\"https:\/\/www.instagram.com\/kava_bar_burgos\/\",\"https:\/\/www.facebook.com\/people\/Kava-Bar-Burgos\/100087784094639\/\"]}]}<\/script>\n<!-- \/ Yoast SEO plugin. -->","yoast_head_json":{"title":"Elegante pub en Burgos \u00b7 Kava Bar","description":"\u00bfBuscas un pub en Burgos? Disfruta en un entorno elegante, de las mejores copas y compa\u00f1\u00eda con la mejor m\u00fasica. Estamos en calle In\u00e9s de Su\u00e1rez, 2.","robots":{"index":"index","follow":"follow","max-snippet":"max-snippet:-1","max-image-preview":"max-image-preview:large","max-video-preview":"max-video-preview:-1"},"canonical":"https:\/\/kavabar.es\/","og_locale":"es_ES","og_type":"article","og_title":"Elegante pub en Burgos \u00b7 Kava Bar","og_description":"\u00bfBuscas un pub en Burgos? Disfruta en un entorno elegante, de las mejores copas y compa\u00f1\u00eda con la mejor m\u00fasica. Estamos en calle In\u00e9s de Su\u00e1rez, 2.","og_url":"https:\/\/kavabar.es\/","og_site_name":"Kava Bar","article_publisher":"https:\/\/www.facebook.com\/people\/Kava-Bar-Burgos\/100087784094639\/","article_modified_time":"2022-12-01T08:29:02+00:00","og_image":[{"url":"https:\/\/kavabar.es\/wp-content\/uploads\/2022\/11\/Slider_4.jpeg"}],"twitter_card":"summary_large_image","schema":{"@context":"https:\/\/schema.org","@graph":[{"@type":"WebPage","@id":"https:\/\/kavabar.es\/","url":"https:\/\/kavabar.es\/","name":"Elegante pub en Burgos \u00b7 Kava Bar","isPartOf":{"@id":"https:\/\/kavabar.es\/#website"},"datePublished":"2017-01-18T14:09:40+00:00","dateModified":"2022-12-01T08:29:02+00:00","description":"\u00bfBuscas un pub en Burgos? Disfruta en un entorno elegante, de las mejores copas y compa\u00f1\u00eda con la mejor m\u00fasica. Estamos en calle In\u00e9s de Su\u00e1rez, 2.","breadcrumb":{"@id":"https:\/\/kavabar.es\/#breadcrumb"},"inLanguage":"es","potentialAction":[{"@type":"ReadAction","target":["https:\/\/kavabar.es\/"]}]},{"@type":"BreadcrumbList","@id":"https:\/\/kavabar.es\/#breadcrumb","itemListElement":[{"@type":"ListItem","position":1,"name":"Portada","item":"https:\/\/kavabar.es\/"},{"@type":"ListItem","position":2,"name":"Elegante pub en Burgos"}]},{"@type":"WebSite","@id":"https:\/\/kavabar.es\/#website","url":"https:\/\/kavabar.es\/","name":"Kava Bar","description":"Un sitio diferente","publisher":{"@id":"https:\/\/kavabar.es\/#organization"},"potentialAction":[{"@type":"SearchAction","target":{"@type":"EntryPoint","urlTemplate":"https:\/\/kavabar.es\/?s={search_term_string}"},"query-input":"required name=search_term_string"}],"inLanguage":"es"},{"@type":"Organization","@id":"https:\/\/kavabar.es\/#organization","name":"Kava Bar","url":"https:\/\/kavabar.es\/","logo":{"@type":"ImageObject","inLanguage":"es","@id":"https:\/\/kavabar.es\/#\/schema\/logo\/image\/","url":"https:\/\/kavabar.es\/wp-content\/uploads\/2022\/10\/KAVA_Logo_BeApp-05.png","contentUrl":"https:\/\/kavabar.es\/wp-content\/uploads\/2022\/10\/KAVA_Logo_BeApp-05.png","width":5001,"height":5001,"caption":"Kava Bar"},"image":{"@id":"https:\/\/kavabar.es\/#\/schema\/logo\/image\/"},"sameAs":["https:\/\/www.instagram.com\/kava_bar_burgos\/","https:\/\/www.facebook.com\/people\/Kava-Bar-Burgos\/100087784094639\/"]}]}},"_links":{"self":[{"href":"https:\/\/kavabar.es\/index.php?rest_route=\/wp\/v2\/pages\/10610","targetHints":{"allow":["GET"]}}],"collection":[{"href":"https:\/\/kavabar.es\/index.php?rest_route=\/wp\/v2\/pages"}],"about":[{"href":"https:\/\/kavabar.es\/index.php?rest_route=\/wp\/v2\/types\/page"}],"author":[{"embeddable":true,"href":"https:\/\/kavabar.es\/index.php?rest_route=\/wp\/v2\/users\/1"}],"replies":[{"embeddable":true,"href":"https:\/\/kavabar.es\/index.php?rest_route=%2Fwp%2Fv2%2Fcomments&post=10610"}],"version-history":[{"count":117,"href":"https:\/\/kavabar.es\/index.php?rest_route=\/wp\/v2\/pages\/10610\/revisions"}],"predecessor-version":[{"id":16113,"href":"https:\/\/kavabar.es\/index.php?rest_route=\/wp\/v2\/pages\/10610\/revisions\/16113"}],"wp:attachment":[{"href":"https:\/\/kavabar.es\/index.php?rest_route=%2Fwp%2Fv2%2Fmedia&parent=10610"}],"curies":[{"name":"wp","href":"https:\/\/api.w.org\/{rel}","templated":true}]}}